
{"id":12,"date":"2018-10-25T08:53:53","date_gmt":"2018-10-25T06:53:53","guid":{"rendered":"https:\/\/www.tollpatsch.at\/clemens\/web\/?page_id=12"},"modified":"2024-10-03T11:23:49","modified_gmt":"2024-10-03T09:23:49","slug":"biografie","status":"publish","type":"page","link":"https:\/\/www.clemensreichard.at\/clemens\/biografie\/","title":{"rendered":"Biografie"},"content":{"rendered":"<div class=\"wp-block-image\">\n<figure class=\"aligncenter size-full is-resized\"><img loading=\"lazy\" decoding=\"async\" width=\"331\" height=\"497\" src=\"https:\/\/www.clemensreichard.at\/clemens\/wp-content\/uploads\/CV.jpg\" alt=\"\" class=\"wp-image-341\" style=\"aspect-ratio:0.6659959758551308;width:178px;height:auto\" srcset=\"https:\/\/www.clemensreichard.at\/clemens\/wp-content\/uploads\/CV.jpg 331w, https:\/\/www.clemensreichard.at\/clemens\/wp-content\/uploads\/CV-200x300.jpg 200w, https:\/\/www.clemensreichard.at\/clemens\/wp-content\/uploads\/CV-300x450.jpg 300w\" sizes=\"auto, (max-width: 331px) 100vw, 331px\" \/><\/figure>\n<\/div>\n\n\n<div style=\"height:30px\" aria-hidden=\"true\" class=\"wp-block-spacer\"><\/div>\n\n\n\n<div class=\"wp-block-columns is-layout-flex wp-container-core-columns-is-layout-9d6595d7 wp-block-columns-is-layout-flex\">\n<div class=\"wp-block-column is-layout-flow wp-block-column-is-layout-flow\" style=\"flex-basis:13.33%\"><\/div>\n\n\n\n<div class=\"wp-block-column is-layout-flow wp-block-column-is-layout-flow\" style=\"flex-basis:73.34%\">\n<p>1969 in Leoben\/Steiermark geboren.<\/p>\n\n\n\n<p>Von 1988 studierte er Architektur an der TU-Graz und arbeitetete nach seinem Zivildienst bis 2023 in verschiedenen Planungsb\u00fcros in der Steiermark, K\u00e4rnten und Tirol.<\/p>\n\n\n\n<p>In der Schulzeit besch\u00e4ftigte er sich anfangs mit der Zeichnung, sp\u00e4ter kamen die Aquarell-, Acryl- und \u00d6lmalerei hinzu, die gleichwertig nebeneinander verwendet werden.<\/p>\n\n\n\n<p>Seine k\u00fcnstlerische Ausbildung erfolgte zum gro\u00dfen Teil autodidaktisch, \u201etechnische\u201c Kurse besuchte er in Innsbruck, Goldegg und Bad Reichenhall.<\/p>\n\n\n\n<p>Clemens Reichard lebt und arbeitet seit 2014 in der Wildsch\u00f6nau in Tirol.<\/p>\n<\/div>\n\n\n\n<div class=\"wp-block-column is-layout-flow wp-block-column-is-layout-flow\" style=\"flex-basis:13.33%\"><\/div>\n<\/div>\n","protected":false},"excerpt":{"rendered":"<p>1969 in Leoben\/Steiermark geboren. Von 1988 studierte er Architektur an der TU-Graz und arbeitetete nach seinem Zivildienst bis 2023 in verschiedenen Planungsb\u00fcros in der Steiermark, K\u00e4rnten und Tirol. In der Schulzeit besch\u00e4ftigte er sich anfangs mit der Zeichnung, sp\u00e4ter kamen die Aquarell-, Acryl- und \u00d6lmalerei hinzu, die gleichwertig nebeneinander verwendet werden. Seine k\u00fcnstlerische Ausbildung erfolgte [&hellip;]<\/p>\n","protected":false},"author":1,"featured_media":0,"parent":0,"menu_order":0,"comment_status":"closed","ping_status":"closed","template":"","meta":{"footnotes":""},"class_list":["post-12","page","type-page","status-publish","hentry"],"_links":{"self":[{"href":"https:\/\/www.clemensreichard.at\/clemens\/wp-json\/wp\/v2\/pages\/12","targetHints":{"allow":["GET"]}}],"collection":[{"href":"https:\/\/www.clemensreichard.at\/clemens\/wp-json\/wp\/v2\/pages"}],"about":[{"href":"https:\/\/www.clemensreichard.at\/clemens\/wp-json\/wp\/v2\/types\/page"}],"author":[{"embeddable":true,"href":"https:\/\/www.clemensreichard.at\/clemens\/wp-json\/wp\/v2\/users\/1"}],"replies":[{"embeddable":true,"href":"https:\/\/www.clemensreichard.at\/clemens\/wp-json\/wp\/v2\/comments?post=12"}],"version-history":[{"count":34,"href":"https:\/\/www.clemensreichard.at\/clemens\/wp-json\/wp\/v2\/pages\/12\/revisions"}],"predecessor-version":[{"id":529,"href":"https:\/\/www.clemensreichard.at\/clemens\/wp-json\/wp\/v2\/pages\/12\/revisions\/529"}],"wp:attachment":[{"href":"https:\/\/www.clemensreichard.at\/clemens\/wp-json\/wp\/v2\/media?parent=12"}],"curies":[{"name":"wp","href":"https:\/\/api.w.org\/{rel}","templated":true}]}}